{"id":980,"date":"2016-12-22T16:02:17","date_gmt":"2016-12-22T15:02:17","guid":{"rendered":"http:\/\/188.213.175.141\/~carnevale\/?page_id=980"},"modified":"2019-02-15T16:47:57","modified_gmt":"2019-02-15T15:47:57","slug":"il-fagiolino-doro","status":"publish","type":"page","link":"https:\/\/www.carnevaledidecima.it\/?page_id=980","title":{"rendered":"Il Fagiolino d&#8217;oro"},"content":{"rendered":"<p>Da fine 2010 il\u00a0nuovo consiglio direttivo dell&#8217;Associazione Carnevalesca Re Fagiolo di Castella ha deciso di istituire <strong>un premio annuale, Il Fagiolino d&#8217;Oro<\/strong>, da consegnare a chi ha reso, con\u00a0 il proprio contributo, un grosso servigio alla corte di Re Fagiolo.<\/p>\n<p>&nbsp;<\/p>\n<p style=\"text-align: center;\"><strong><span style=\"font-size: 18pt;\">2018: FAMIGLIA FORNI<\/span><\/strong><\/p>\n<hr \/>\n<h2 align=\"center\">2017: DINO SOVERINI<\/h2>\n<hr \/>\n<h2 align=\"center\">2016: FLORIANO GOVONI<\/h2>\n<hr \/>\n<h2 align=\"center\">2015 : FRANCO BECCARI<\/h2>\n<hr \/>\n<h2 align=\"center\">2014 : CARLO GORETTI<\/h2>\n<hr \/>\n<h2 align=\"center\">2013 : AFRANIO CAMPANINI<\/h2>\n<hr \/>\n<h2 align=\"center\">2012 : ORIANO TESINI<\/h2>\n<p>Presidente del carnevale di Decima dal 1994 al 2010: E&#8217; stato l&#8217;artefice del cambiamento del carnevale avvenuto nel 2001. Si passa dai fienili ai cantieri di via Fossetta. Probabilmente \u00e8 grazie anche a questa scelta che il carnevale Decimino \u00e8 ancora pi\u00f9 vivo di prima! Grandi scelte e grande coraggio anche in ambito di sagra della cucombra e soprattutto grande impegno!<br \/>\n&#8220;Tutto questo non sarebbe stato fatto se non avessi avuto collaboratori validi al mio fianco&#8221;.<\/p>\n<hr \/>\n<h2 align=\"center\">2011 : GIOVANNI NICOLI<\/h2>\n<p>Per il grosso contributo dato al carnevale come fotografo, per il materiale video e fotografico che ha raccolto in pi\u00f9 di 50 anni e messo a disposizione della comunit\u00e0. Inoltre come soggettista e realizzatore di carri allegorici per diverse societ\u00e0 negli anni 60 70 80 90. Ha inoltre disegnato l&#8217;immagine di Re Fagiolo che si trova sul Gonfalone. Ha scritto sicuramente pi\u00f9 di un centinaio di zirudelle, tra l&#8217;altro l&#8217;espressione &#8220;sia ca neiva, opur ca piova, fen cranvel a Cisanova&#8221; \u00e8 stata proprio scritta da lui.<\/p>\n<p align=\"center\">\n","protected":false},"excerpt":{"rendered":"<p>Da fine 2010 il\u00a0nuovo consiglio direttivo dell&#8217;Associazione Carnevalesca Re Fagiolo di Castella ha deciso di istituire un premio annuale, Il Fagiolino d&#8217;Oro, da consegnare a chi ha reso, con\u00a0 il proprio contributo, un grosso servigio alla corte di Re Fagiolo. &nbsp; 2018: FAMIGLIA FORNI 2017: DINO SOVERINI 2016: FLORIANO GOVONI 2015 : FRANCO BECCARI 2014 [&hellip;]<\/p>\n","protected":false},"author":1,"featured_media":0,"parent":0,"menu_order":0,"comment_status":"closed","ping_status":"closed","template":"","meta":{"footnotes":""},"class_list":["post-980","page","type-page","status-publish","hentry"],"_links":{"self":[{"href":"https:\/\/www.carnevaledidecima.it\/index.php?rest_route=\/wp\/v2\/pages\/980","targetHints":{"allow":["GET"]}}],"collection":[{"href":"https:\/\/www.carnevaledidecima.it\/index.php?rest_route=\/wp\/v2\/pages"}],"about":[{"href":"https:\/\/www.carnevaledidecima.it\/index.php?rest_route=\/wp\/v2\/types\/page"}],"author":[{"embeddable":true,"href":"https:\/\/www.carnevaledidecima.it\/index.php?rest_route=\/wp\/v2\/users\/1"}],"replies":[{"embeddable":true,"href":"https:\/\/www.carnevaledidecima.it\/index.php?rest_route=%2Fwp%2Fv2%2Fcomments&post=980"}],"version-history":[{"count":10,"href":"https:\/\/www.carnevaledidecima.it\/index.php?rest_route=\/wp\/v2\/pages\/980\/revisions"}],"predecessor-version":[{"id":2681,"href":"https:\/\/www.carnevaledidecima.it\/index.php?rest_route=\/wp\/v2\/pages\/980\/revisions\/2681"}],"wp:attachment":[{"href":"https:\/\/www.carnevaledidecima.it\/index.php?rest_route=%2Fwp%2Fv2%2Fmedia&parent=980"}],"curies":[{"name":"wp","href":"https:\/\/api.w.org\/{rel}","templated":true}]}}