{"id":827,"date":"2016-12-20T16:14:31","date_gmt":"2016-12-20T15:14:31","guid":{"rendered":"http:\/\/188.213.175.141\/~carnevale\/?page_id=827"},"modified":"2017-03-03T11:17:38","modified_gmt":"2017-03-03T10:17:38","slug":"strumne","status":"publish","type":"page","link":"https:\/\/www.carnevaledidecima.it\/?page_id=827","title":{"rendered":"Strumn\u00e8"},"content":{"rendered":"<p><a href=\"http:\/\/188.213.175.141\/~carnevale\/wp-content\/uploads\/2016\/12\/Strumne.png\"><img loading=\"lazy\" decoding=\"async\" class=\"alignnone size-full wp-image-959\" src=\"http:\/\/188.213.175.141\/~carnevale\/wp-content\/uploads\/2016\/12\/Strumne.png\" alt=\"\" width=\"250\" height=\"250\" srcset=\"https:\/\/www.carnevaledidecima.it\/wp-content\/uploads\/2016\/12\/Strumne.png 250w, https:\/\/www.carnevaledidecima.it\/wp-content\/uploads\/2016\/12\/Strumne-150x150.png 150w, https:\/\/www.carnevaledidecima.it\/wp-content\/uploads\/2016\/12\/Strumne-88x88.png 88w\" sizes=\"auto, (max-width: 250px) 100vw, 250px\" \/><\/a><\/p>\n<p><strong>Societ\u00e0 carnevalesca \u201c STRUMNE\u2019 \u201d<br \/>\n<\/strong>Cantiere: via Fossetta, 2\/B \u2013 box n\u00b0 6<br \/>\nSan Matteo della Decima (BO)<\/p>\n<p>Contatti: Gianni Santi<br \/>\nPhone: 051 6825840<br \/>\nMobile phone 346 3077653<br \/>\nEmail: <a href=\"mailto:societa.strumne@libero.it\">societa.strumne@libero.it<br \/>\n<\/a>Pagina Facebook: <a href=\"https:\/\/www.facebook.com\/societa.strumne\">https:\/\/www.facebook.com\/societa.strumne<\/a><\/p>\n<p>Presidente: Ferruccio Bongiovanni<\/p>\n<p>Rappresentante: Paolo Zucchelli<\/p>\n<p>Fondata nel 1980 da un gruppo di giovanissimi amici accomunati dall\u2019et\u00e0 e dalla passione per il carnevale , partecipa da quell\u2019anno alle sfilate del carnevale di San Matteo della Decima.<br \/>\nIl nome della societ\u00e0 \u00e8 la traduzione dialettale del verbo \u201cspargere\u201d e deriva dal fatto che i soci fondatori risiedevano in ordine sparso in varie zone del paese.<br \/>\nIl logo della societ\u00e0, raffigurante un pagliaccio, \u00e8 invece stato scelto dopo alcuni anni (1987) a seguito del successo che i costumi dell\u2019equipaggio del carro partecipante a quell\u2019edizione del carnevale, riscossero verso il pubblico, al punto da creare un automatico abbinamento per identificare la societ\u00e0.<br \/>\nAd esclusione dell\u2019anno della fondazione, dove ha partecipato con un piccolo carro fuori concorso, si \u00e8 sempre presentata ininterrottamente con carri di prima categoria, ottenendo grandi successi sia di critica che di pubblico.<br \/>\n\u201cFiore all\u2019occhiello\u201d della societ\u00e0 \u00e8 il primo premio conquistato nell\u2019edizione del centenario del carnevale (1988), risultato che ha inoltre portato a fregiarsi del privilegio, che spetta alle societ\u00e0 che raggiungono le tre vittorie, di essere la prima societ\u00e0 carnevalesca ad iscrivere il proprio nome sul gonfalone storico del carnevale.<br \/>\nE\u2019 attualmente, per anzianit\u00e0, la terza societ\u00e0 carnevalesca tra quelle in attivit\u00e0.<br \/>\nIn 34 anni di attivit\u00e0 (escludendo la prima partecipazione fuori concorso) si \u00e8 classificata per ben 20 volte sul podio del carnevale, collezionando 6 primi premi, 8 secondi e 6 terzi.<\/p>\n<p>Dopo una partenza bruciante (escludendo la prima partecipazione fuori concorso, gi\u00e0 2 primi premi dopo solo 3 anni di attivit\u00e0), la societ\u00e0 \u201cStrumn\u00e8\u201d, vive il suo momento migliore tra la fine degli anni \u201980 e l\u2019inizio degli anni \u201990 (1988 \u2013 1991), quando colleziona 2 primi e 2 secondi premi.<br \/>\nDal quel momento, alcune scelte discutibili ed una sorta di appagamento, colpiscono la societ\u00e0 che naviga nell\u2019anonimato (ad esclusione di 2 \u201cfiammate\u201d nel 1997 e nel 1999 con 2 secondi premi) fino al carnevale del 2000.<br \/>\nIl 2001 \u00e8 un carnevale di transizione in quanto tutte le societ\u00e0 sono impegnate nella costruzione dei nuovi cantieri e la sfilata viene posticipata a primavera inoltrata.<br \/>\nLa societ\u00e0 \u201cStrumn\u00e8\u201d partecipa a quell\u2019edizione del carnevale con un piccolo carro a noleggio che serve a non interrompere la continuit\u00e0 ed il legame con il carnevale.<br \/>\nIl 2002 \u00e8 l\u2019anno della svolta, il carnevale di San Matteo della Decima corona il sogno di veder terminati i nuovi cantieri per la costruzione dei carri, ed in questi nuovi spazi dedicati, la societ\u00e0 \u201cStrumn\u00e8\u201d ritrova lo slancio e l\u2019entusiasmo necessario per essere di nuovo protagonista.<br \/>\nNonostante alcuni buoni piazzamenti (2 terzi e 2 secondi premi), bisogna per\u00f2 aspettare fino al 2009 per riassaporare il gusto della vittoria e riconquistare il Gonfalone di Re Fagiolo.<\/p>\n<h2>&gt;\u00a0<a href=\"http:\/\/www.carnevaledidecima.it\/?page_id=1264\" target=\"_blank\">L&#8217;albo d&#8217;Oro<\/a><\/h2>\n<h2>&gt; <a href=\"http:\/\/www.carnevaledidecima.it\/?page_id=1267\" target=\"_blank\">Nozze d&#8217;argento col carnevale<\/a><\/h2>\n","protected":false},"excerpt":{"rendered":"<p>Societ\u00e0 carnevalesca \u201c STRUMNE\u2019 \u201d Cantiere: via Fossetta, 2\/B \u2013 box n\u00b0 6 San Matteo della Decima (BO) Contatti: Gianni Santi Phone: 051 6825840 Mobile phone 346 3077653 Email: societa.strumne@libero.it Pagina Facebook: https:\/\/www.facebook.com\/societa.strumne Presidente: Ferruccio Bongiovanni Rappresentante: Paolo Zucchelli Fondata nel 1980 da un gruppo di giovanissimi amici accomunati dall\u2019et\u00e0 e dalla passione per il [&hellip;]<\/p>\n","protected":false},"author":1,"featured_media":0,"parent":0,"menu_order":0,"comment_status":"closed","ping_status":"closed","template":"","meta":{"footnotes":""},"class_list":["post-827","page","type-page","status-publish","hentry"],"_links":{"self":[{"href":"https:\/\/www.carnevaledidecima.it\/index.php?rest_route=\/wp\/v2\/pages\/827","targetHints":{"allow":["GET"]}}],"collection":[{"href":"https:\/\/www.carnevaledidecima.it\/index.php?rest_route=\/wp\/v2\/pages"}],"about":[{"href":"https:\/\/www.carnevaledidecima.it\/index.php?rest_route=\/wp\/v2\/types\/page"}],"author":[{"embeddable":true,"href":"https:\/\/www.carnevaledidecima.it\/index.php?rest_route=\/wp\/v2\/users\/1"}],"replies":[{"embeddable":true,"href":"https:\/\/www.carnevaledidecima.it\/index.php?rest_route=%2Fwp%2Fv2%2Fcomments&post=827"}],"version-history":[{"count":11,"href":"https:\/\/www.carnevaledidecima.it\/index.php?rest_route=\/wp\/v2\/pages\/827\/revisions"}],"predecessor-version":[{"id":1871,"href":"https:\/\/www.carnevaledidecima.it\/index.php?rest_route=\/wp\/v2\/pages\/827\/revisions\/1871"}],"wp:attachment":[{"href":"https:\/\/www.carnevaledidecima.it\/index.php?rest_route=%2Fwp%2Fv2%2Fmedia&parent=827"}],"curies":[{"name":"wp","href":"https:\/\/api.w.org\/{rel}","templated":true}]}}