{"id":825,"date":"2016-12-20T16:13:54","date_gmt":"2016-12-20T15:13:54","guid":{"rendered":"http:\/\/188.213.175.141\/~carnevale\/?page_id=825"},"modified":"2017-03-02T15:52:46","modified_gmt":"2017-03-02T14:52:46","slug":"i-ribelli","status":"publish","type":"page","link":"https:\/\/www.carnevaledidecima.it\/?page_id=825","title":{"rendered":"Ribelli"},"content":{"rendered":"<div><a href=\"http:\/\/188.213.175.141\/~carnevale\/wp-content\/uploads\/2016\/12\/Ribelli.png\"><img loading=\"lazy\" decoding=\"async\" class=\"alignnone size-full wp-image-916\" src=\"http:\/\/188.213.175.141\/~carnevale\/wp-content\/uploads\/2016\/12\/Ribelli.png\" alt=\"\" width=\"250\" height=\"259\" \/><\/a><\/div>\n<div>\n<hr \/>\n<\/div>\n<div>\n<p style=\"text-align: left;\">La societ\u00e0 carnevalesca &#8220;I Ribelli&#8221; \u00e8 nata nel 1991 con lo scopo di costruire carri di seconda categoria<br \/>\nmolto semplici ma congeniali per accogliere bimbi e ragazzini e farli divertire\u00a0al Carnevale di San Matteo della Decima.<br \/>\nNel 2000 decidono di fare il salto di categoria ma\u00a0la vera &#8220;svolta\u201d \u00e8 avvenuta nel 2003, anno in cui si sono uniti ai Ribelli i giovani componenti di un\u2019altra societ\u00e0 &#8220;I Ciocapi\u00e0t&#8221; che gi\u00e0 da due anni partecipavano al carnevale con carri di seconda categoria. Subito questi ragazzi hanno dato il proprio contributo alla costruzione dei carri tanto da ampliarne decisamente le dimensioni e poter competere con tutte le altre societ\u00e0.<\/p>\n<p style=\"text-align: left;\">Finalmente nel 2007 hanno potuto\u00a0coronare il proprio sogno\u00a0trionfando con il soggetto \u201cuna boccata d&#8217;ossigeno\u201d aggiudicandosi bandiera<br \/>\nbianca e gonfalone. Anno da dimenticare invece il 2008, infatti, a\u00a0causa di\u00a0problemi elettrici e\u00a0meccanici prima della prima sfilata,\u00a0non hanno<br \/>\npotuto\u00a0svolgere\u00a0lo spillo. La delusione \u00e8 stata molta fino al punto di rischiare lo scioglimento ma, il tempo,\u00a0la forte amicizia\u00a0e tre\u00a0carri di<br \/>\nassestamento hanno permesso\u00a0nel 2012 di presentare in piazza\u00a0<em>&#8220;Vasco al massimo&#8230; una vita spericolata&#8221;<\/em> uno tra i loro carri pi\u00f9 belli.<\/p>\n<p style=\"text-align: left;\">Presidente della societ\u00e0: <strong>Bergamini Simone<br \/>\n<\/strong>Rappresentante in comitato: <b>Calzati Amedeo<br \/>\n<\/b>Contatti: Andrea Bergamini <a href=\"tel:380%2F2547336\" target=\"_blank\">380\/2547336<\/a> &#8211; <a href=\"mailto:ribelli.decima@gmail.com\" target=\"_blank\">ribelli.decima@gmail.com<br \/>\n<\/a><a href=\"https:\/\/www.facebook.com\/ribelli.decima\" target=\"_blank\">Pagina Facebook<\/a><\/p>\n<\/div>\n","protected":false},"excerpt":{"rendered":"<p>La societ\u00e0 carnevalesca &#8220;I Ribelli&#8221; \u00e8 nata nel 1991 con lo scopo di costruire carri di seconda categoria molto semplici ma congeniali per accogliere bimbi e ragazzini e farli divertire\u00a0al Carnevale di San Matteo della Decima. Nel 2000 decidono di fare il salto di categoria ma\u00a0la vera &#8220;svolta\u201d \u00e8 avvenuta nel 2003, anno in cui [&hellip;]<\/p>\n","protected":false},"author":1,"featured_media":1656,"parent":0,"menu_order":0,"comment_status":"closed","ping_status":"closed","template":"","meta":{"footnotes":""},"class_list":["post-825","page","type-page","status-publish","has-post-thumbnail","hentry"],"_links":{"self":[{"href":"https:\/\/www.carnevaledidecima.it\/index.php?rest_route=\/wp\/v2\/pages\/825","targetHints":{"allow":["GET"]}}],"collection":[{"href":"https:\/\/www.carnevaledidecima.it\/index.php?rest_route=\/wp\/v2\/pages"}],"about":[{"href":"https:\/\/www.carnevaledidecima.it\/index.php?rest_route=\/wp\/v2\/types\/page"}],"author":[{"embeddable":true,"href":"https:\/\/www.carnevaledidecima.it\/index.php?rest_route=\/wp\/v2\/users\/1"}],"replies":[{"embeddable":true,"href":"https:\/\/www.carnevaledidecima.it\/index.php?rest_route=%2Fwp%2Fv2%2Fcomments&post=825"}],"version-history":[{"count":14,"href":"https:\/\/www.carnevaledidecima.it\/index.php?rest_route=\/wp\/v2\/pages\/825\/revisions"}],"predecessor-version":[{"id":1744,"href":"https:\/\/www.carnevaledidecima.it\/index.php?rest_route=\/wp\/v2\/pages\/825\/revisions\/1744"}],"wp:featuredmedia":[{"embeddable":true,"href":"https:\/\/www.carnevaledidecima.it\/index.php?rest_route=\/wp\/v2\/media\/1656"}],"wp:attachment":[{"href":"https:\/\/www.carnevaledidecima.it\/index.php?rest_route=%2Fwp%2Fv2%2Fmedia&parent=825"}],"curies":[{"name":"wp","href":"https:\/\/api.w.org\/{rel}","templated":true}]}}