{"id":819,"date":"2016-12-20T16:13:04","date_gmt":"2016-12-20T15:13:04","guid":{"rendered":"http:\/\/188.213.175.141\/~carnevale\/?page_id=819"},"modified":"2017-03-02T14:46:49","modified_gmt":"2017-03-02T13:46:49","slug":"i-pundgaz","status":"publish","type":"page","link":"https:\/\/www.carnevaledidecima.it\/?page_id=819","title":{"rendered":"Pundgaz"},"content":{"rendered":"<p><a href=\"http:\/\/188.213.175.141\/~carnevale\/wp-content\/uploads\/2016\/12\/Pundgaz.png\"><img loading=\"lazy\" decoding=\"async\" class=\"alignnone size-full wp-image-914\" src=\"http:\/\/188.213.175.141\/~carnevale\/wp-content\/uploads\/2016\/12\/Pundgaz.png\" alt=\"\" width=\"250\" height=\"250\" srcset=\"https:\/\/www.carnevaledidecima.it\/wp-content\/uploads\/2016\/12\/Pundgaz.png 250w, https:\/\/www.carnevaledidecima.it\/wp-content\/uploads\/2016\/12\/Pundgaz-150x150.png 150w, https:\/\/www.carnevaledidecima.it\/wp-content\/uploads\/2016\/12\/Pundgaz-184x184.png 184w\" sizes=\"auto, (max-width: 250px) 100vw, 250px\" \/><\/a><\/p>\n<p><strong>NOVITA&#8217; 2017<\/strong><br \/>\n<strong>I Pundgaz sono stati inseriti nella prima categoria!<\/strong><\/p>\n<p>I Pundgaz sono la societ\u00e0 che per ultima si \u00e8 lanciata nell&#8217;affascinante arte della costruzione dei carri carnevaleschi.<br \/>\nLa societ\u00e0, infatti, \u00e8 nata nella primavera del 2008, partecip\u00f2 per la prima volta al carnevale di decima alla 121\u00b0edizione del 2009 con il carro dal soggetto <em>\u201cl\u2019\u00e8 oura et derig un tai\u201d<\/em>\u00a0di seconda categoria.<br \/>\nDa allora la loro\u00a0storia prosegue, partecipano da sempre con carri di seconda categoria perch\u00e9 sostengono che il carnevale non \u00e8 vincere o arrivare ultimi ma sta nel sorriso di ogni singolo bambino, \u00e8 quello che li riempie di gioia ogni volta che il loro carro entra nella piazza.<br \/>\nOperano per la costruzione del carro\u00a0su\u00a0un copri e scopri di 4metri per 10 con un ampliamento di teloni, e\u00a0ogni anno la sfida \u00e8 realizzare un carro sempre pi\u00f9 grande, all\u2019avanguardia nel rispetto della sicurezza di tutte le persone sopra.<br \/>\nNel 2014 sfil\u00f2 per la prima volta con un rimorchio come tutte le altre societ\u00e0 ovvero con 16 ruote e diversi meccanismi che rendono possibili le manovre di questi giganti di cartapesta e\u00a0hanno realizzato una colonna sonora dove raccontano un p\u00f2 la loro storia e trasmettono allegria e gioia alla corte di Re Fagiolo di Castella.<\/p>\n<p>Presidente della societ\u00e0: <strong>Enrico Fabbri<\/strong>.<br \/>\nRappresentante in Comitato: <strong>Andrea Fabbri<\/strong>.<\/p>\n<p>Contati:\u00a0<a href=\"malto:fabbri.infissi@libero.it\" target=\"_blank\">fabbri.infissi@libero.it<\/a><\/p>\n","protected":false},"excerpt":{"rendered":"<p>NOVITA&#8217; 2017 I Pundgaz sono stati inseriti nella prima categoria! I Pundgaz sono la societ\u00e0 che per ultima si \u00e8 lanciata nell&#8217;affascinante arte della costruzione dei carri carnevaleschi. La societ\u00e0, infatti, \u00e8 nata nella primavera del 2008, partecip\u00f2 per la prima volta al carnevale di decima alla 121\u00b0edizione del 2009 con il carro dal soggetto [&hellip;]<\/p>\n","protected":false},"author":1,"featured_media":0,"parent":0,"menu_order":0,"comment_status":"closed","ping_status":"closed","template":"","meta":{"footnotes":""},"class_list":["post-819","page","type-page","status-publish","hentry"],"_links":{"self":[{"href":"https:\/\/www.carnevaledidecima.it\/index.php?rest_route=\/wp\/v2\/pages\/819","targetHints":{"allow":["GET"]}}],"collection":[{"href":"https:\/\/www.carnevaledidecima.it\/index.php?rest_route=\/wp\/v2\/pages"}],"about":[{"href":"https:\/\/www.carnevaledidecima.it\/index.php?rest_route=\/wp\/v2\/types\/page"}],"author":[{"embeddable":true,"href":"https:\/\/www.carnevaledidecima.it\/index.php?rest_route=\/wp\/v2\/users\/1"}],"replies":[{"embeddable":true,"href":"https:\/\/www.carnevaledidecima.it\/index.php?rest_route=%2Fwp%2Fv2%2Fcomments&post=819"}],"version-history":[{"count":5,"href":"https:\/\/www.carnevaledidecima.it\/index.php?rest_route=\/wp\/v2\/pages\/819\/revisions"}],"predecessor-version":[{"id":1382,"href":"https:\/\/www.carnevaledidecima.it\/index.php?rest_route=\/wp\/v2\/pages\/819\/revisions\/1382"}],"wp:attachment":[{"href":"https:\/\/www.carnevaledidecima.it\/index.php?rest_route=%2Fwp%2Fv2%2Fmedia&parent=819"}],"curies":[{"name":"wp","href":"https:\/\/api.w.org\/{rel}","templated":true}]}}