{"id":791,"date":"2016-12-20T16:07:59","date_gmt":"2016-12-20T15:07:59","guid":{"rendered":"http:\/\/188.213.175.141\/~carnevale\/?page_id=791"},"modified":"2017-01-24T11:52:41","modified_gmt":"2017-01-24T10:52:41","slug":"carnevale-di-decima","status":"publish","type":"page","link":"https:\/\/www.carnevaledidecima.it\/?page_id=791","title":{"rendered":"Carnevale di Decima"},"content":{"rendered":"<p><strong>San Matteo della Decima<\/strong>, da sempre, \u00e8 attraversato dal canale di San Giovanni; di fianco ad esso, come fratello siamese, si snoda la strada statale che congiunge Bologna con Ferrara. Nel secolo scorso, mediante uno stretto ponticello si accedeva, dalla strada statale, al piazzale della chiesa dove <strong>i decimini, nel 1888, si radunarono per assistere alla prima sfilata dei carri carnevaleschi<\/strong>: &#8220;al di qua&#8221; del canale la gente e &#8220;al di l\u00e0&#8221; del canale, sulla statale, la sfilata. Un carnevale, quindi, ultra centenario che si \u00e8 svolto, nell&#8217;arco di questo tempo, grazie alla disponibilit\u00e0, alla caparbiet\u00e0 e al desiderio, innato nei decimini (abitanti di San Matteo della Decima), di divertirsi e di far divertire.<\/p>\n<p>La manifestazione ha subito alcune interruzioni dovute, ovviamente, agli eventi bellici ma, d&#8217;altro canto, ha avuto anche momenti di grande splendore in particolare negli anni precedenti la seconda guerra mondiale, nel periodo della &#8220;ricostruzione&#8221; e negli anni \u201890. I carri carnevaleschi che hanno contribuito a rendere &#8220;grande&#8221; il carnevale di Decima sono tanti ed ognuno di essi \u00e8 ricordato per <strong>al sp\u00e9ll (Spillo)<\/strong>, eclatante e inaspettata trasformazione, che avviene sulla piazza durante la prima domenica di carnevale, mediante complicati meccanismi ed ingegnose &#8220;trovate&#8221; sceniche:\u00a0<strong>il carro entra in piazza con un assetto ed esce completamente cambiato.<\/strong><\/p>\n<p>Il carnevale di Decima non si esaurisce soltanto nella sfilata dei carri e nello &#8220;Spell&#8221; ma anche nella <strong>recita di &#8220;zirudelle&#8221;<\/strong> che hanno la funzione di spiegare il soggetto del carro e di preparare il pubblico allo &#8220;svolgimento\/trasformazione&#8221; del soggetto.\u00a0Nelle poesie, in versi dialettali a rime baciate, vengono privilegiati gli aspetti ironici, gli elementi gergali ed il vivace ed arguto linguaggio, mescolato a trovate divertenti quasi &#8220;fulminanti&#8221;, suscita spessissimo l&#8217;ilarit\u00e0 generale. Al termine delle trasformazioni i carri vengono inondati dalla allegria pi\u00f9 sfrenata e abbandonano la piazza con un ricco gettito di caramelle, peluche, gonfiabili, palloni, e tanto altro da rendere ancora pi\u00f9 partecipe il pubblico che riempie la piazza.<\/p>\n<p>Dal 2002 i carri allegorici vengono assemblati all&#8217;interno di un complesso di 8 capannoni costruiti grazie al decisivo apporto dell&#8217;Associazione Carnevalesca Re Fagiolo di Castella.<br \/>\nQuesta sorta di cittadella del carnevale ha contribuito a rendere il nostro carnevale pi\u00f9 spettacolare grazie anche alla possibilit\u00e0 di presentare carri ancora pi\u00f9 grandi e completi.<br \/>\nLe societ\u00e0 in gara &#8220;lottano&#8221; per conquistare il tanto agognato Gonfalone storico, che ogni anno viene rimesso in palio, e la bandiera bianca simbolo della vittoria!<br \/>\nLe societ\u00e0 che hanno conquistato 3 primi premi hanno il diritto di poter scrivere il proprio nome sul gonfalone. Dal 2010 \u00e8 in uso il nuovo gonfalone.<\/p>\n<p>Sabato 13 marzo 2010 \u00e8 stata ufficialmente inaugurata <strong>&#8220;Corte Castella<\/strong>&#8221; un complesso di capannoni denominati &#8220;la fabbrica del carnevale&#8221; composti da 8 strutture adibite alla costruzione dei carri allegorici e di una sala polivalente intitolata a Giorgio Gallerani. I capannoni voluti dal lontano 1998 dal presidente del carnevale di Decima, Oriano Tesini, sono stati costruiti grazie alla tenacia e al lavoro dei soci delle societ\u00e0 carnevalesche, e di professionisti locali del settore edilizio, nonch\u00e8 degli enti pubblici locali.<\/p>\n<h3>Altre informazioni utili:<\/h3>\n<ul>\n<li><a href=\"http:\/\/www.carnevaledidecima.it\/?page_id=978\">L&#8217;albo d&#8217;oro<\/a><\/li>\n<li><a href=\"http:\/\/www.carnevaledidecima.it\/?page_id=980\">Il fagiolino d&#8217;oro<\/a><\/li>\n<\/ul>\n<p>******<\/p>\n","protected":false},"excerpt":{"rendered":"<p>San Matteo della Decima, da sempre, \u00e8 attraversato dal canale di San Giovanni; di fianco ad esso, come fratello siamese, si snoda la strada statale che congiunge Bologna con Ferrara. Nel secolo scorso, mediante uno stretto ponticello si accedeva, dalla strada statale, al piazzale della chiesa dove i decimini, nel 1888, si radunarono per assistere [&hellip;]<\/p>\n","protected":false},"author":1,"featured_media":0,"parent":0,"menu_order":0,"comment_status":"closed","ping_status":"closed","template":"","meta":{"footnotes":""},"class_list":["post-791","page","type-page","status-publish","hentry"],"_links":{"self":[{"href":"https:\/\/www.carnevaledidecima.it\/index.php?rest_route=\/wp\/v2\/pages\/791","targetHints":{"allow":["GET"]}}],"collection":[{"href":"https:\/\/www.carnevaledidecima.it\/index.php?rest_route=\/wp\/v2\/pages"}],"about":[{"href":"https:\/\/www.carnevaledidecima.it\/index.php?rest_route=\/wp\/v2\/types\/page"}],"author":[{"embeddable":true,"href":"https:\/\/www.carnevaledidecima.it\/index.php?rest_route=\/wp\/v2\/users\/1"}],"replies":[{"embeddable":true,"href":"https:\/\/www.carnevaledidecima.it\/index.php?rest_route=%2Fwp%2Fv2%2Fcomments&post=791"}],"version-history":[{"count":5,"href":"https:\/\/www.carnevaledidecima.it\/index.php?rest_route=\/wp\/v2\/pages\/791\/revisions"}],"predecessor-version":[{"id":1629,"href":"https:\/\/www.carnevaledidecima.it\/index.php?rest_route=\/wp\/v2\/pages\/791\/revisions\/1629"}],"wp:attachment":[{"href":"https:\/\/www.carnevaledidecima.it\/index.php?rest_route=%2Fwp%2Fv2%2Fmedia&parent=791"}],"curies":[{"name":"wp","href":"https:\/\/api.w.org\/{rel}","templated":true}]}}